{"id":67,"date":"2025-12-11T10:32:06","date_gmt":"2025-12-11T09:32:06","guid":{"rendered":"https:\/\/silviafiestas.com\/politica-privacitat\/"},"modified":"2025-12-12T21:22:34","modified_gmt":"2025-12-12T20:22:34","slug":"politica-privacidad","status":"publish","type":"page","link":"https:\/\/www.silviafiestas.com\/es\/politica-privacidad\/","title":{"rendered":"Pol\u00edtica de privacidad"},"content":{"rendered":"<p>Cualquier dato que los visitantes de este sitie env\u00eden Silvia Fiestas S.L ser\u00e1n archivados en su base de datos de acuerdo a la legislaci\u00f3n espa\u00f1ola 15\/1999 del 13 de diciembre. Dichos datos ser\u00e1n utilizados por Silvia Fiestas S.L con la finalidad de responder a las solicitudes enviadas y mantenerle en adelante informado sobre las novedades de la Agencia. Los visitantes pueden acceder, modificar o cancelar sus datos en cualquier momento mediante el env\u00edo de un correo electr\u00f3nico a <a href=\"mailto:silvia@menganaproducciones.com\">silvia@menganaproducciones.com<\/a> o a la siguiente direcci\u00f3n:<\/p>\n<p>SILVIA FIESTAS MONTOSA<br aria-hidden=\"true\" \/>Carrer Hurtado, 7 entres\u00f2l 1\u00aa<br aria-hidden=\"true\" \/>08023 Barcelona<br aria-hidden=\"true\" \/>NIF 45482110R<\/p>\n","protected":false},"excerpt":{"rendered":"<p>Cualquier dato que los visitantes de este sitie env\u00eden Silvia Fiestas S.L ser\u00e1n archivados en su base de datos de acuerdo a la legislaci\u00f3n espa\u00f1ola 15\/1999 del 13 de diciembre. Dichos datos ser\u00e1n utilizados por Silvia Fiestas S.L con la finalidad de responder a las solicitudes enviadas y mantenerle en adelante informado sobre las novedades [&hellip;]<\/p>\n","protected":false},"author":1,"featured_media":0,"parent":0,"menu_order":0,"comment_status":"closed","ping_status":"closed","template":"","meta":{"_acf_changed":false,"footnotes":""},"class_list":["post-67","page","type-page","status-publish","hentry"],"acf":[],"yoast_head":"<!-- This site is optimized with the Yoast SEO plugin v26.5 - https:\/\/yoast.com\/wordpress\/plugins\/seo\/ -->\n<title>Pol\u00edtica de privacidad - Silvia Fiestas<\/title>\n<meta name=\"robots\" content=\"noindex, nofollow\" \/>\n<meta property=\"og:locale\" content=\"es_ES\" \/>\n<meta property=\"og:type\" content=\"article\" \/>\n<meta property=\"og:title\" content=\"Pol\u00edtica de privacidad - Silvia Fiestas\" \/>\n<meta property=\"og:description\" content=\"Cualquier dato que los visitantes de este sitie env\u00eden Silvia Fiestas S.L ser\u00e1n archivados en su base de datos de acuerdo a la legislaci\u00f3n espa\u00f1ola 15\/1999 del 13 de diciembre. Dichos datos ser\u00e1n utilizados por Silvia Fiestas S.L con la finalidad de responder a las solicitudes enviadas y mantenerle en adelante informado sobre las novedades [&hellip;]\" \/>\n<meta property=\"og:url\" content=\"https:\/\/www.silviafiestas.com\/es\/politica-privacidad\/\" \/>\n<meta property=\"og:site_name\" content=\"Silvia Fiestas\" \/>\n<meta property=\"article:modified_time\" content=\"2025-12-12T20:22:34+00:00\" \/>\n<meta name=\"twitter:card\" content=\"summary_large_image\" \/>\n<meta name=\"twitter:label1\" content=\"Tiempo de lectura\" \/>\n\t<meta name=\"twitter:data1\" content=\"1 minuto\" \/>\n<script type=\"application\/ld+json\" class=\"yoast-schema-graph\">{\"@context\":\"https:\/\/schema.org\",\"@graph\":[{\"@type\":\"WebPage\",\"@id\":\"https:\/\/www.silviafiestas.com\/es\/politica-privacidad\/\",\"url\":\"https:\/\/www.silviafiestas.com\/es\/politica-privacidad\/\",\"name\":\"Pol\u00edtica de privacidad - Silvia Fiestas\",\"isPartOf\":{\"@id\":\"http:\/\/www.silviafiestas.com\/es\/#website\"},\"datePublished\":\"2025-12-11T09:32:06+00:00\",\"dateModified\":\"2025-12-12T20:22:34+00:00\",\"breadcrumb\":{\"@id\":\"https:\/\/www.silviafiestas.com\/es\/politica-privacidad\/#breadcrumb\"},\"inLanguage\":\"es\",\"potentialAction\":[{\"@type\":\"ReadAction\",\"target\":[\"https:\/\/www.silviafiestas.com\/es\/politica-privacidad\/\"]}]},{\"@type\":\"BreadcrumbList\",\"@id\":\"https:\/\/www.silviafiestas.com\/es\/politica-privacidad\/#breadcrumb\",\"itemListElement\":[{\"@type\":\"ListItem\",\"position\":1,\"name\":\"Home\",\"item\":\"http:\/\/www.silviafiestas.com\/es\/\"},{\"@type\":\"ListItem\",\"position\":2,\"name\":\"Pol\u00edtica de privacidad\"}]},{\"@type\":\"WebSite\",\"@id\":\"http:\/\/www.silviafiestas.com\/es\/#website\",\"url\":\"http:\/\/www.silviafiestas.com\/es\/\",\"name\":\"Silvia Fiestas\",\"description\":\"Silvia Fiestas: Productora executiva amb +20 anys en arts esc\u00e8niques. Combino creativitat, estrat\u00e8gia i rigor per a espectacles impecables i viables.\",\"potentialAction\":[{\"@type\":\"SearchAction\",\"target\":{\"@type\":\"EntryPoint\",\"urlTemplate\":\"http:\/\/www.silviafiestas.com\/es\/?s={search_term_string}\"},\"query-input\":{\"@type\":\"PropertyValueSpecification\",\"valueRequired\":true,\"valueName\":\"search_term_string\"}}],\"inLanguage\":\"es\"}]}<\/script>\n<!-- \/ Yoast SEO plugin. -->","yoast_head_json":{"title":"Pol\u00edtica de privacidad - Silvia Fiestas","robots":{"index":"noindex","follow":"nofollow"},"og_locale":"es_ES","og_type":"article","og_title":"Pol\u00edtica de privacidad - Silvia Fiestas","og_description":"Cualquier dato que los visitantes de este sitie env\u00eden Silvia Fiestas S.L ser\u00e1n archivados en su base de datos de acuerdo a la legislaci\u00f3n espa\u00f1ola 15\/1999 del 13 de diciembre. Dichos datos ser\u00e1n utilizados por Silvia Fiestas S.L con la finalidad de responder a las solicitudes enviadas y mantenerle en adelante informado sobre las novedades [&hellip;]","og_url":"https:\/\/www.silviafiestas.com\/es\/politica-privacidad\/","og_site_name":"Silvia Fiestas","article_modified_time":"2025-12-12T20:22:34+00:00","twitter_card":"summary_large_image","twitter_misc":{"Tiempo de lectura":"1 minuto"},"schema":{"@context":"https:\/\/schema.org","@graph":[{"@type":"WebPage","@id":"https:\/\/www.silviafiestas.com\/es\/politica-privacidad\/","url":"https:\/\/www.silviafiestas.com\/es\/politica-privacidad\/","name":"Pol\u00edtica de privacidad - Silvia Fiestas","isPartOf":{"@id":"http:\/\/www.silviafiestas.com\/es\/#website"},"datePublished":"2025-12-11T09:32:06+00:00","dateModified":"2025-12-12T20:22:34+00:00","breadcrumb":{"@id":"https:\/\/www.silviafiestas.com\/es\/politica-privacidad\/#breadcrumb"},"inLanguage":"es","potentialAction":[{"@type":"ReadAction","target":["https:\/\/www.silviafiestas.com\/es\/politica-privacidad\/"]}]},{"@type":"BreadcrumbList","@id":"https:\/\/www.silviafiestas.com\/es\/politica-privacidad\/#breadcrumb","itemListElement":[{"@type":"ListItem","position":1,"name":"Home","item":"http:\/\/www.silviafiestas.com\/es\/"},{"@type":"ListItem","position":2,"name":"Pol\u00edtica de privacidad"}]},{"@type":"WebSite","@id":"http:\/\/www.silviafiestas.com\/es\/#website","url":"http:\/\/www.silviafiestas.com\/es\/","name":"Silvia Fiestas","description":"Silvia Fiestas: Productora executiva amb +20 anys en arts esc\u00e8niques. Combino creativitat, estrat\u00e8gia i rigor per a espectacles impecables i viables.","potentialAction":[{"@type":"SearchAction","target":{"@type":"EntryPoint","urlTemplate":"http:\/\/www.silviafiestas.com\/es\/?s={search_term_string}"},"query-input":{"@type":"PropertyValueSpecification","valueRequired":true,"valueName":"search_term_string"}}],"inLanguage":"es"}]}},"_links":{"self":[{"href":"https:\/\/www.silviafiestas.com\/es\/wp-json\/wp\/v2\/pages\/67","targetHints":{"allow":["GET"]}}],"collection":[{"href":"https:\/\/www.silviafiestas.com\/es\/wp-json\/wp\/v2\/pages"}],"about":[{"href":"https:\/\/www.silviafiestas.com\/es\/wp-json\/wp\/v2\/types\/page"}],"author":[{"embeddable":true,"href":"https:\/\/www.silviafiestas.com\/es\/wp-json\/wp\/v2\/users\/1"}],"replies":[{"embeddable":true,"href":"https:\/\/www.silviafiestas.com\/es\/wp-json\/wp\/v2\/comments?post=67"}],"version-history":[{"count":5,"href":"https:\/\/www.silviafiestas.com\/es\/wp-json\/wp\/v2\/pages\/67\/revisions"}],"predecessor-version":[{"id":119,"href":"https:\/\/www.silviafiestas.com\/es\/wp-json\/wp\/v2\/pages\/67\/revisions\/119"}],"wp:attachment":[{"href":"https:\/\/www.silviafiestas.com\/es\/wp-json\/wp\/v2\/media?parent=67"}],"curies":[{"name":"wp","href":"https:\/\/api.w.org\/{rel}","templated":true}]}}