{"id":71,"date":"2025-12-11T11:21:53","date_gmt":"2025-12-11T10:21:53","guid":{"rendered":"https:\/\/silviafiestas.com\/avis-legal\/"},"modified":"2025-12-12T21:21:44","modified_gmt":"2025-12-12T20:21:44","slug":"aviso-legal","status":"publish","type":"page","link":"https:\/\/www.silviafiestas.com\/es\/aviso-legal\/","title":{"rendered":"Aviso legal"},"content":{"rendered":"<p>Este sitio web y todos sus contenidos, incluyendo textos, im\u00e1genes, audio y cualquier otro material son propiedad de Silvia Fiestas S.L. o dispone derechos de su uso. Todos los derechos est\u00e1n reservados.<\/p>\n<p>Todo acceso a este sitio queda sujeto a las siguientes condiciones:<\/p>\n<ul>\n<li>Solamente est\u00e1 autorizado el uso personal y no comercial. No se autoriza la copia, reproducci\u00f3n, transmisi\u00f3n, distribuci\u00f3n o modificaci\u00f3n del sitio o de sus contenidos.<\/li>\n<li>Silvia Fiestas S.L. no garantiza la exactitud, veracidad o integridad de los contenidos de este sitio web. Tampoco garantiza que el servidor y el site est\u00e9n libres de virus y no se hace responsable ni de los da\u00f1os causados por el acceso al sitio web ni por la imposibilidad de acceder a \u00e9l.<\/li>\n<\/ul>\n<h3>Pol\u00edtica de privacidad<\/h3>\n<p>Cualquier dato que los visitantes de este sitie env\u00eden Silvia Fiestas S.L ser\u00e1n archivados en su base de datos de acuerdo a la legislaci\u00f3n espa\u00f1ola 15\/1999 del 13 de diciembre. Dichos datos ser\u00e1n utilizados por Silvia Fiestas S.L con la finalidad de responder a las solicitudes enviadas y mantenerle en adelante informado sobre las novedades de la Agencia. Los visitantes pueden acceder, modificar o cancelar sus datos en cualquier momento mediante el env\u00edo de un correo electr\u00f3nico a <a href=\"mailto:silvia@menganaproducciones.com\">silvia@menganaproducciones.com<\/a> o escribiendo a la siguiente direcci\u00f3n:<\/p>\n<p>SILVIA FIESTAS MONTOSA<br aria-hidden=\"true\" \/>Carrer Hurtado, 7 entres\u00f2l 1\u00aa<br aria-hidden=\"true\" \/>08023 Barcelona<br aria-hidden=\"true\" \/>NIF 45482110R<\/p>\n<h3>Pol\u00edtica de Cookies<\/h3>\n<p>Para el buen funcionamiento del web, el sistema de navegaci\u00f3n y la programaci\u00f3n utilizada se recogen algunos datos de navegaci\u00f3n (a partir de ahora nombradas \u201ccookies\u201d) que son necesarias en el uso de los protocolos de comunicaci\u00f3n en internet.<\/p>\n<p>Las cookies son archivos o piezas de informaci\u00f3n que pueden ser almacenadas en el ordenador (u otros dispositivos habilitados para Internet, como un smartphone o tableta) cuando visita Silvia Fiestas S.L<\/p>\n<p><strong>Uso de las cookies<\/strong><\/p>\n<p><strong>Analytics<\/strong><br \/>\nGoogle Analytics es la herramienta de an\u00e1lisis que ayuda a los propietarios de sitios web y de aplicaciones a entender c\u00f3mo interact\u00faan los visitantes con sus propiedades. Esta herramienta puede utilizar un conjunto de cookies para recopilar informaci\u00f3n y ofrecer estad\u00edsticas de uso de los sitios web sin identificar personalmente a los visitantes de Google. La principal cookie que utiliza Google Analytics es \u00ab__ga\u00bb.<\/p>\n<p>Adem\u00e1s de para ofrecer estad\u00edsticas de uso de los sitios web, Google Analytics tambi\u00e9n se puede utilizar junto con algunas de las cookies publicitarias descritas anteriormente para mostrar anuncios m\u00e1s relevantes en las propiedades de Google (p. ej., en el buscador de Google) y en toda la Web.<\/p>\n<p>Si no desea recibir cookies, por favor configure su navegador de Internet para borrarlos desde el disco duro de su ordenador, bloquearlos o advertirle si est\u00e1 instalado. Para continuar sin cambiar la configuraci\u00f3n de las cookies, simplemente contin\u00fae en el sitio web.<\/p>\n<p>Si tiene cualquier duda sobre nuestra pol\u00edtica de privacidad, por favor no dude en contactar con nosotros a: <a href=\"mailto:silvia@menganaproducciones.com\">silvia@menganaproducciones.com<\/a><\/p>\n<h3>Protecci\u00f3n de datos<\/h3>\n<p>Silvia Fiestas S.L., manifiesta que cumple todas las medidas de seguridad y requisitos legales mencionados en la LOPD 15\/99 de 13 de diciembre y en el R.D.1720\/2007 de 21 de diciembre, que garantizan la seguridad de los datos personales incorporados en nuestros ficheros, que se conservar\u00e1n con car\u00e0cter confidencial, excepto las remisiones de obligado cumplimiento que estipule la ley.<\/p>\n<p>Su visita nos ayuda a llevar a cabo y mejorar cont\u00ednuamente nuestras actividades as\u00ed como, preservar el patrimonio local. Para ello y en pro de una buena prestaci\u00f3n y mantenimiento de la relaci\u00f3n comercial, deacuerdo con lo dispuesto en la LO 15\/1999, del 13 de diciembre de Protecci\u00f3n de Datos de Car\u00e1cter Personal, sus datos personales ser\u00e1n incluidos en un fichero incrito en el Registro General de Datos de l\u2019AEPD, del que es responsable Silvia Fiestas S.L. .<\/p>\n<p>Le informamos de su derecho de acceso, rectificaci\u00f3n, cancelaci\u00f3n y oposici\u00f3n, que puede ejercer gratu\u00eftamente dirigi\u00e9ndose al responsable del fichero en nuestra direcci\u00f3n web www.silviafiestas.com. De acuerdo con la LO15\/1999, del 13 de diciembre de Protecci\u00f3n de Datos, si no quiere recibir comunicaciones comerciales relativas al servicio contratado marque este espacio.<\/p>\n<h3>Propiedad intelectual<\/h3>\n<p>Todas las im\u00e1genes y contenido de nuestra web y acciones promocionales pertenecen en exclusiva a Silvia Fiestas S.L, quedando prohibida su reproducci\u00f3n, copia, venta, difusi\u00f3n o cualuier otra acci\u00f3n ajena para beneficio propio de terceros y sin autorizaci\u00f3n expresa de la misma empresa propietaria del contenido e im\u00e1genes.<\/p>\n","protected":false},"excerpt":{"rendered":"<p>Este sitio web y todos sus contenidos, incluyendo textos, im\u00e1genes, audio y cualquier otro material son propiedad de Silvia Fiestas S.L. o dispone derechos de su uso. Todos los derechos est\u00e1n reservados. Todo acceso a este sitio queda sujeto a las siguientes condiciones: Solamente est\u00e1 autorizado el uso personal y no comercial. No se autoriza [&hellip;]<\/p>\n","protected":false},"author":1,"featured_media":0,"parent":0,"menu_order":0,"comment_status":"closed","ping_status":"closed","template":"","meta":{"_acf_changed":false,"footnotes":""},"class_list":["post-71","page","type-page","status-publish","hentry"],"acf":[],"yoast_head":"<!-- This site is optimized with the Yoast SEO plugin v26.5 - https:\/\/yoast.com\/wordpress\/plugins\/seo\/ -->\n<title>Aviso legal - Silvia Fiestas<\/title>\n<meta name=\"robots\" content=\"noindex, nofollow\" \/>\n<meta property=\"og:locale\" content=\"es_ES\" \/>\n<meta property=\"og:type\" content=\"article\" \/>\n<meta property=\"og:title\" content=\"Aviso legal - Silvia Fiestas\" \/>\n<meta property=\"og:description\" content=\"Este sitio web y todos sus contenidos, incluyendo textos, im\u00e1genes, audio y cualquier otro material son propiedad de Silvia Fiestas S.L. o dispone derechos de su uso. Todos los derechos est\u00e1n reservados. Todo acceso a este sitio queda sujeto a las siguientes condiciones: Solamente est\u00e1 autorizado el uso personal y no comercial. No se autoriza [&hellip;]\" \/>\n<meta property=\"og:url\" content=\"https:\/\/www.silviafiestas.com\/es\/aviso-legal\/\" \/>\n<meta property=\"og:site_name\" content=\"Silvia Fiestas\" \/>\n<meta property=\"article:modified_time\" content=\"2025-12-12T20:21:44+00:00\" \/>\n<meta name=\"twitter:card\" content=\"summary_large_image\" \/>\n<meta name=\"twitter:label1\" content=\"Tiempo de lectura\" \/>\n\t<meta name=\"twitter:data1\" content=\"4 minutos\" \/>\n<script type=\"application\/ld+json\" class=\"yoast-schema-graph\">{\"@context\":\"https:\/\/schema.org\",\"@graph\":[{\"@type\":\"WebPage\",\"@id\":\"https:\/\/www.silviafiestas.com\/es\/aviso-legal\/\",\"url\":\"https:\/\/www.silviafiestas.com\/es\/aviso-legal\/\",\"name\":\"Aviso legal - Silvia Fiestas\",\"isPartOf\":{\"@id\":\"http:\/\/www.silviafiestas.com\/es\/#website\"},\"datePublished\":\"2025-12-11T10:21:53+00:00\",\"dateModified\":\"2025-12-12T20:21:44+00:00\",\"breadcrumb\":{\"@id\":\"https:\/\/www.silviafiestas.com\/es\/aviso-legal\/#breadcrumb\"},\"inLanguage\":\"es\",\"potentialAction\":[{\"@type\":\"ReadAction\",\"target\":[\"https:\/\/www.silviafiestas.com\/es\/aviso-legal\/\"]}]},{\"@type\":\"BreadcrumbList\",\"@id\":\"https:\/\/www.silviafiestas.com\/es\/aviso-legal\/#breadcrumb\",\"itemListElement\":[{\"@type\":\"ListItem\",\"position\":1,\"name\":\"Home\",\"item\":\"http:\/\/www.silviafiestas.com\/es\/\"},{\"@type\":\"ListItem\",\"position\":2,\"name\":\"Aviso legal\"}]},{\"@type\":\"WebSite\",\"@id\":\"http:\/\/www.silviafiestas.com\/es\/#website\",\"url\":\"http:\/\/www.silviafiestas.com\/es\/\",\"name\":\"Silvia Fiestas\",\"description\":\"Silvia Fiestas: Productora executiva amb +20 anys en arts esc\u00e8niques. Combino creativitat, estrat\u00e8gia i rigor per a espectacles impecables i viables.\",\"potentialAction\":[{\"@type\":\"SearchAction\",\"target\":{\"@type\":\"EntryPoint\",\"urlTemplate\":\"http:\/\/www.silviafiestas.com\/es\/?s={search_term_string}\"},\"query-input\":{\"@type\":\"PropertyValueSpecification\",\"valueRequired\":true,\"valueName\":\"search_term_string\"}}],\"inLanguage\":\"es\"}]}<\/script>\n<!-- \/ Yoast SEO plugin. -->","yoast_head_json":{"title":"Aviso legal - Silvia Fiestas","robots":{"index":"noindex","follow":"nofollow"},"og_locale":"es_ES","og_type":"article","og_title":"Aviso legal - Silvia Fiestas","og_description":"Este sitio web y todos sus contenidos, incluyendo textos, im\u00e1genes, audio y cualquier otro material son propiedad de Silvia Fiestas S.L. o dispone derechos de su uso. Todos los derechos est\u00e1n reservados. Todo acceso a este sitio queda sujeto a las siguientes condiciones: Solamente est\u00e1 autorizado el uso personal y no comercial. No se autoriza [&hellip;]","og_url":"https:\/\/www.silviafiestas.com\/es\/aviso-legal\/","og_site_name":"Silvia Fiestas","article_modified_time":"2025-12-12T20:21:44+00:00","twitter_card":"summary_large_image","twitter_misc":{"Tiempo de lectura":"4 minutos"},"schema":{"@context":"https:\/\/schema.org","@graph":[{"@type":"WebPage","@id":"https:\/\/www.silviafiestas.com\/es\/aviso-legal\/","url":"https:\/\/www.silviafiestas.com\/es\/aviso-legal\/","name":"Aviso legal - Silvia Fiestas","isPartOf":{"@id":"http:\/\/www.silviafiestas.com\/es\/#website"},"datePublished":"2025-12-11T10:21:53+00:00","dateModified":"2025-12-12T20:21:44+00:00","breadcrumb":{"@id":"https:\/\/www.silviafiestas.com\/es\/aviso-legal\/#breadcrumb"},"inLanguage":"es","potentialAction":[{"@type":"ReadAction","target":["https:\/\/www.silviafiestas.com\/es\/aviso-legal\/"]}]},{"@type":"BreadcrumbList","@id":"https:\/\/www.silviafiestas.com\/es\/aviso-legal\/#breadcrumb","itemListElement":[{"@type":"ListItem","position":1,"name":"Home","item":"http:\/\/www.silviafiestas.com\/es\/"},{"@type":"ListItem","position":2,"name":"Aviso legal"}]},{"@type":"WebSite","@id":"http:\/\/www.silviafiestas.com\/es\/#website","url":"http:\/\/www.silviafiestas.com\/es\/","name":"Silvia Fiestas","description":"Silvia Fiestas: Productora executiva amb +20 anys en arts esc\u00e8niques. Combino creativitat, estrat\u00e8gia i rigor per a espectacles impecables i viables.","potentialAction":[{"@type":"SearchAction","target":{"@type":"EntryPoint","urlTemplate":"http:\/\/www.silviafiestas.com\/es\/?s={search_term_string}"},"query-input":{"@type":"PropertyValueSpecification","valueRequired":true,"valueName":"search_term_string"}}],"inLanguage":"es"}]}},"_links":{"self":[{"href":"https:\/\/www.silviafiestas.com\/es\/wp-json\/wp\/v2\/pages\/71","targetHints":{"allow":["GET"]}}],"collection":[{"href":"https:\/\/www.silviafiestas.com\/es\/wp-json\/wp\/v2\/pages"}],"about":[{"href":"https:\/\/www.silviafiestas.com\/es\/wp-json\/wp\/v2\/types\/page"}],"author":[{"embeddable":true,"href":"https:\/\/www.silviafiestas.com\/es\/wp-json\/wp\/v2\/users\/1"}],"replies":[{"embeddable":true,"href":"https:\/\/www.silviafiestas.com\/es\/wp-json\/wp\/v2\/comments?post=71"}],"version-history":[{"count":4,"href":"https:\/\/www.silviafiestas.com\/es\/wp-json\/wp\/v2\/pages\/71\/revisions"}],"predecessor-version":[{"id":121,"href":"https:\/\/www.silviafiestas.com\/es\/wp-json\/wp\/v2\/pages\/71\/revisions\/121"}],"wp:attachment":[{"href":"https:\/\/www.silviafiestas.com\/es\/wp-json\/wp\/v2\/media?parent=71"}],"curies":[{"name":"wp","href":"https:\/\/api.w.org\/{rel}","templated":true}]}}