{"id":80,"date":"2025-12-11T11:24:26","date_gmt":"2025-12-11T10:24:26","guid":{"rendered":"https:\/\/silviafiestas.com\/accessibilitat\/"},"modified":"2025-12-12T21:21:19","modified_gmt":"2025-12-12T20:21:19","slug":"accesibilidad","status":"publish","type":"page","link":"https:\/\/www.silviafiestas.com\/es\/accesibilidad\/","title":{"rendered":"Accesibilidad"},"content":{"rendered":"<p>Silvia Fiestas S.L se ha comprometido a hacer accesible su sitio web, de conformidad con el Real decreto 1112\/2018, de 7 de septiembre, sobre accesibilidad de los sitios web y aplicaciones para dispositivos m\u00f3viles, por el que se traspone al ordenamiento jur\u00eddico espa\u00f1ol la Directiva (UE) 2016\/2102 del Parlamento Europeo y del Consejo.<\/p>\n<p>La presente declaraci\u00f3n de accesibilidad se aplica al sitio web www.silviafiestas.com<\/p>\n<h4 class=\"p1\">Situaci\u00f3n de cumplimiento<\/h4>\n<p>Este sitio web est\u00e1 parcialmente conforme con el RD 1112\/2018 debido a las excepciones y la falta de conformidad de los aspectos que se indiquen a continuaci\u00f3n.<\/p>\n<h4 class=\"p1\">Contenido no accesible<\/h4>\n<p>El contenido que se recoge a continuaci\u00f3n no es accesible por lo siguiente:<\/p>\n<ul>\n<li>Falta de conformidad con el RD 1112\/2018<\/li>\n<li>Debido a la automatizaci\u00f3n de algunas de las publicaciones podr\u00edan haber p\u00e1ginas con un incorrecto anidamiento de etiquetas HTML.<\/li>\n<li>Hay documentos en formato PDF que no cumplen con la normativa existiendo en algunos de ellos, una alternativa textual HTML que cumple la normativa.<\/li>\n<li>Podr\u00edan existir errores puntuales de edici\u00f3n en alguna p\u00e1gina web.<\/li>\n<li>Carga desproporcionada.<\/li>\n<li>No aplica.<\/li>\n<li>Contenido que no entra en el \u00e1mbito de la legislaci\u00f3n aplicable<\/li>\n<li>Ficheros ofim\u00e1ticos en PDF u otros formatos, as\u00ed como aplicaciones publicadas antes del 20 de septiembre de 2018 que no cumplan totalmente todos los requisitos de accesibilidad.<\/li>\n<li>Contenidos multimedia en directo.<\/li>\n<li>Contenido multimedia pregrabado de base temporal del pleno y ruedas de prensa, o publicado antes de la entrada en vigor del Real Decreto.<\/li>\n<li>Servicios de mapa y cartograf\u00eda online.<\/li>\n<\/ul>\n<p><strong>Preparaci\u00f3n de la presente declaraci\u00f3n de accesibilidad<\/strong><\/p>\n<p>La presente declaraci\u00f3n fue preparada el 11 de abril de 2023 y est\u00e1 basada en los informes de accesibilidad web del Observatorio de Accesibilidad.<\/p>\n<h4 class=\"p1\">Observaciones y datos de contacto<\/h4>\n<p>Puede realizar comunicaciones sobre requisitos de accesibilidad (art\u00edculo 10.2 del RD 1112\/2018) como:<\/p>\n<ul>\n<li>informar sobre cualquier posible incumplimiento por parte de este sitio web<\/li>\n<li>transmitir otras dificultades de acceso al contenido<\/li>\n<li>formular cualquier otra consulta o sugerencia de mejora relativa a la accesibilidad del sitio web a trav\u00e9s del formulario de contacto de este sitio web<\/li>\n<\/ul>\n<p>Las comunicaciones ser\u00e1n recibidas y tratadas por Silvia Fiestas S.L.<\/p>\n<h4 class=\"p1\">Procedimiento de aplicaci\u00f3n<\/h4>\n<p>Se pondr\u00e1 en marcha un procedimiento de aplicaci\u00f3n adecuado y eficaz al que debe recurrirse en caso de que la respuesta a la comunicaci\u00f3n o la solicitud sea insatisfactoria.<\/p>\n<h4 class=\"p1\">Contenido opcional<\/h4>\n<p>Este sitio web:<\/p>\n<p>Se ha dise\u00f1ado adapt\u00e1ndose a los est\u00e1ndares y normativas vigentes en relaci\u00f3n a la accesibilidad, cumpliendo con los puntos de verificaci\u00f3n de prioridad 2 (AA) definidos en la especificaci\u00f3n de Pautas de Accesibilidad al Contenido en la Web ( WCAG 2.1).<\/p>\n<p>Cumple con los requisitos de la Norma UNE-EN 301549 v1.1.2:2015, considerando las excepciones del Real Decreto 1112\/2018.<\/p>\n<p>Est\u00e1 dise\u00f1ado para su correcta visualizaci\u00f3n en dispositivos de escritorio, tableta y m\u00f3viles para una resoluci\u00f3n m\u00ednima de 1280\u00d71024.<\/p>\n<p>Se ha realizado utilizando HTML5 como lenguaje de marcado y hojas de estilo CSS3 para dise\u00f1arlas.<\/p>\n<p>Est\u00e1 dise\u00f1ado para utilizarlo con javascript no intrusivo.<\/p>\n","protected":false},"excerpt":{"rendered":"<p>Silvia Fiestas S.L se ha comprometido a hacer accesible su sitio web, de conformidad con el Real decreto 1112\/2018, de 7 de septiembre, sobre accesibilidad de los sitios web y aplicaciones para dispositivos m\u00f3viles, por el que se traspone al ordenamiento jur\u00eddico espa\u00f1ol la Directiva (UE) 2016\/2102 del Parlamento Europeo y del Consejo. La presente [&hellip;]<\/p>\n","protected":false},"author":1,"featured_media":0,"parent":0,"menu_order":0,"comment_status":"closed","ping_status":"closed","template":"","meta":{"_acf_changed":false,"footnotes":""},"class_list":["post-80","page","type-page","status-publish","hentry"],"acf":[],"yoast_head":"<!-- This site is optimized with the Yoast SEO plugin v26.5 - https:\/\/yoast.com\/wordpress\/plugins\/seo\/ -->\n<title>Accesibilidad - Silvia Fiestas<\/title>\n<meta name=\"robots\" content=\"noindex, nofollow\" \/>\n<meta property=\"og:locale\" content=\"es_ES\" \/>\n<meta property=\"og:type\" content=\"article\" \/>\n<meta property=\"og:title\" content=\"Accesibilidad - Silvia Fiestas\" \/>\n<meta property=\"og:description\" content=\"Silvia Fiestas S.L se ha comprometido a hacer accesible su sitio web, de conformidad con el Real decreto 1112\/2018, de 7 de septiembre, sobre accesibilidad de los sitios web y aplicaciones para dispositivos m\u00f3viles, por el que se traspone al ordenamiento jur\u00eddico espa\u00f1ol la Directiva (UE) 2016\/2102 del Parlamento Europeo y del Consejo. La presente [&hellip;]\" \/>\n<meta property=\"og:url\" content=\"https:\/\/www.silviafiestas.com\/es\/accesibilidad\/\" \/>\n<meta property=\"og:site_name\" content=\"Silvia Fiestas\" \/>\n<meta property=\"article:modified_time\" content=\"2025-12-12T20:21:19+00:00\" \/>\n<meta name=\"twitter:card\" content=\"summary_large_image\" \/>\n<meta name=\"twitter:label1\" content=\"Tiempo de lectura\" \/>\n\t<meta name=\"twitter:data1\" content=\"3 minutos\" \/>\n<script type=\"application\/ld+json\" class=\"yoast-schema-graph\">{\"@context\":\"https:\/\/schema.org\",\"@graph\":[{\"@type\":\"WebPage\",\"@id\":\"https:\/\/www.silviafiestas.com\/es\/accesibilidad\/\",\"url\":\"https:\/\/www.silviafiestas.com\/es\/accesibilidad\/\",\"name\":\"Accesibilidad - Silvia Fiestas\",\"isPartOf\":{\"@id\":\"http:\/\/www.silviafiestas.com\/es\/#website\"},\"datePublished\":\"2025-12-11T10:24:26+00:00\",\"dateModified\":\"2025-12-12T20:21:19+00:00\",\"breadcrumb\":{\"@id\":\"https:\/\/www.silviafiestas.com\/es\/accesibilidad\/#breadcrumb\"},\"inLanguage\":\"es\",\"potentialAction\":[{\"@type\":\"ReadAction\",\"target\":[\"https:\/\/www.silviafiestas.com\/es\/accesibilidad\/\"]}]},{\"@type\":\"BreadcrumbList\",\"@id\":\"https:\/\/www.silviafiestas.com\/es\/accesibilidad\/#breadcrumb\",\"itemListElement\":[{\"@type\":\"ListItem\",\"position\":1,\"name\":\"Home\",\"item\":\"http:\/\/www.silviafiestas.com\/es\/\"},{\"@type\":\"ListItem\",\"position\":2,\"name\":\"Accesibilidad\"}]},{\"@type\":\"WebSite\",\"@id\":\"http:\/\/www.silviafiestas.com\/es\/#website\",\"url\":\"http:\/\/www.silviafiestas.com\/es\/\",\"name\":\"Silvia Fiestas\",\"description\":\"Silvia Fiestas: Productora executiva amb +20 anys en arts esc\u00e8niques. Combino creativitat, estrat\u00e8gia i rigor per a espectacles impecables i viables.\",\"potentialAction\":[{\"@type\":\"SearchAction\",\"target\":{\"@type\":\"EntryPoint\",\"urlTemplate\":\"http:\/\/www.silviafiestas.com\/es\/?s={search_term_string}\"},\"query-input\":{\"@type\":\"PropertyValueSpecification\",\"valueRequired\":true,\"valueName\":\"search_term_string\"}}],\"inLanguage\":\"es\"}]}<\/script>\n<!-- \/ Yoast SEO plugin. -->","yoast_head_json":{"title":"Accesibilidad - Silvia Fiestas","robots":{"index":"noindex","follow":"nofollow"},"og_locale":"es_ES","og_type":"article","og_title":"Accesibilidad - Silvia Fiestas","og_description":"Silvia Fiestas S.L se ha comprometido a hacer accesible su sitio web, de conformidad con el Real decreto 1112\/2018, de 7 de septiembre, sobre accesibilidad de los sitios web y aplicaciones para dispositivos m\u00f3viles, por el que se traspone al ordenamiento jur\u00eddico espa\u00f1ol la Directiva (UE) 2016\/2102 del Parlamento Europeo y del Consejo. La presente [&hellip;]","og_url":"https:\/\/www.silviafiestas.com\/es\/accesibilidad\/","og_site_name":"Silvia Fiestas","article_modified_time":"2025-12-12T20:21:19+00:00","twitter_card":"summary_large_image","twitter_misc":{"Tiempo de lectura":"3 minutos"},"schema":{"@context":"https:\/\/schema.org","@graph":[{"@type":"WebPage","@id":"https:\/\/www.silviafiestas.com\/es\/accesibilidad\/","url":"https:\/\/www.silviafiestas.com\/es\/accesibilidad\/","name":"Accesibilidad - Silvia Fiestas","isPartOf":{"@id":"http:\/\/www.silviafiestas.com\/es\/#website"},"datePublished":"2025-12-11T10:24:26+00:00","dateModified":"2025-12-12T20:21:19+00:00","breadcrumb":{"@id":"https:\/\/www.silviafiestas.com\/es\/accesibilidad\/#breadcrumb"},"inLanguage":"es","potentialAction":[{"@type":"ReadAction","target":["https:\/\/www.silviafiestas.com\/es\/accesibilidad\/"]}]},{"@type":"BreadcrumbList","@id":"https:\/\/www.silviafiestas.com\/es\/accesibilidad\/#breadcrumb","itemListElement":[{"@type":"ListItem","position":1,"name":"Home","item":"http:\/\/www.silviafiestas.com\/es\/"},{"@type":"ListItem","position":2,"name":"Accesibilidad"}]},{"@type":"WebSite","@id":"http:\/\/www.silviafiestas.com\/es\/#website","url":"http:\/\/www.silviafiestas.com\/es\/","name":"Silvia Fiestas","description":"Silvia Fiestas: Productora executiva amb +20 anys en arts esc\u00e8niques. Combino creativitat, estrat\u00e8gia i rigor per a espectacles impecables i viables.","potentialAction":[{"@type":"SearchAction","target":{"@type":"EntryPoint","urlTemplate":"http:\/\/www.silviafiestas.com\/es\/?s={search_term_string}"},"query-input":{"@type":"PropertyValueSpecification","valueRequired":true,"valueName":"search_term_string"}}],"inLanguage":"es"}]}},"_links":{"self":[{"href":"https:\/\/www.silviafiestas.com\/es\/wp-json\/wp\/v2\/pages\/80","targetHints":{"allow":["GET"]}}],"collection":[{"href":"https:\/\/www.silviafiestas.com\/es\/wp-json\/wp\/v2\/pages"}],"about":[{"href":"https:\/\/www.silviafiestas.com\/es\/wp-json\/wp\/v2\/types\/page"}],"author":[{"embeddable":true,"href":"https:\/\/www.silviafiestas.com\/es\/wp-json\/wp\/v2\/users\/1"}],"replies":[{"embeddable":true,"href":"https:\/\/www.silviafiestas.com\/es\/wp-json\/wp\/v2\/comments?post=80"}],"version-history":[{"count":4,"href":"https:\/\/www.silviafiestas.com\/es\/wp-json\/wp\/v2\/pages\/80\/revisions"}],"predecessor-version":[{"id":114,"href":"https:\/\/www.silviafiestas.com\/es\/wp-json\/wp\/v2\/pages\/80\/revisions\/114"}],"wp:attachment":[{"href":"https:\/\/www.silviafiestas.com\/es\/wp-json\/wp\/v2\/media?parent=80"}],"curies":[{"name":"wp","href":"https:\/\/api.w.org\/{rel}","templated":true}]}}